
{"id":94622,"date":"2025-11-21T12:45:41","date_gmt":"2025-11-21T11:45:41","guid":{"rendered":"https:\/\/stonehouse.se\/produkt\/rokgenerator-testifire-gen-1pk-till-xtr2\/"},"modified":"2026-04-08T15:59:52","modified_gmt":"2026-04-08T13:59:52","slug":"rokgenerator-testifire-gen-1pk-till-xtr2","status":"publish","type":"product","link":"https:\/\/stonehouse.se\/en\/product\/rokgenerator-testifire-gen-1pk-till-xtr2\/","title":{"rendered":"R\u00f6kgenerator Testifire-Gen-1PK till XTR2"},"content":{"rendered":"<h1>R\u00f6kgenerator Testifire-Gen-1PK till XTR2<\/h1>\n<h3>Ers\u00e4ttningsr\u00f6kgenerator f\u00f6r Testifire XTR2<\/h3>\n<p>Testifire-Gen-1PK \u00e4r utvecklad f\u00f6r att ers\u00e4tta den befintliga r\u00f6kgeneratorn i Testifire XTR2.<\/p>\n<h3>Enkel installation<\/h3>\n<p>Bytet \u00e4r lika enkelt som att byta r\u00f6kpatron eller batteri.<\/p>\n<h3>F\u00f6r professionell anv\u00e4ndning<\/h3>\n<p>R\u00f6kgeneratorn \u00e4r idealisk f\u00f6r installat\u00f6rer, brandskyddstekniker och servicepersonal som utf\u00f6r \u00e5terkommande test av r\u00f6kdetektorer.<\/p>\n<h3>Tekniska specifikationer<\/h3>\n<ul>\n<li>Modell: Testifire-Gen-1PK<\/li>\n<li>Anv\u00e4ndning: Testifire XTR2 r\u00f6kprovare<\/li>\n<li>Funktion: Ers\u00e4ttningsr\u00f6kgenerator<\/li>\n<li>Enkel installation: Byts ut som batteri eller r\u00f6kpatron<\/li>\n<\/ul>","protected":false},"excerpt":{"rendered":"<p>Provningskit f\u00f6r R\u00f6k-detektorer \u2013 provning fr\u00e5n golvniv\u00e5.<br \/>\nProvningsh\u00f6jd: upp till ca enligt kit.<br \/>\nInneh\u00e5ll\/komponenter: Testifire XTR2.<br \/>\nAnv\u00e4ndning: service, underh\u00e5ll, drifts\u00e4ttning och \u00e5terkommande kontroller i professionella milj\u00f6er.<\/p>","protected":false},"featured_media":94621,"template":"","meta":{"_acf_changed":false},"product_brand":[],"product_cat":[2292,3698],"product_tag":[],"class_list":{"0":"post-94622","1":"product","2":"type-product","3":"status-publish","4":"has-post-thumbnail","6":"product_cat-testfire","7":"product_cat-xtr2","8":"tm-no-options","10":"first","11":"onbackorder","12":"sale","13":"taxable","14":"shipping-taxable","15":"product-type-simple"},"acf":[],"_links":{"self":[{"href":"https:\/\/stonehouse.se\/en\/wp-json\/wp\/v2\/product\/94622","targetHints":{"allow":["GET"]}}],"collection":[{"href":"https:\/\/stonehouse.se\/en\/wp-json\/wp\/v2\/product"}],"about":[{"href":"https:\/\/stonehouse.se\/en\/wp-json\/wp\/v2\/types\/product"}],"wp:featuredmedia":[{"embeddable":true,"href":"https:\/\/stonehouse.se\/en\/wp-json\/wp\/v2\/media\/94621"}],"wp:attachment":[{"href":"https:\/\/stonehouse.se\/en\/wp-json\/wp\/v2\/media?parent=94622"}],"wp:term":[{"taxonomy":"product_brand","embeddable":true,"href":"https:\/\/stonehouse.se\/en\/wp-json\/wp\/v2\/product_brand?post=94622"},{"taxonomy":"product_cat","embeddable":true,"href":"https:\/\/stonehouse.se\/en\/wp-json\/wp\/v2\/product_cat?post=94622"},{"taxonomy":"product_tag","embeddable":true,"href":"https:\/\/stonehouse.se\/en\/wp-json\/wp\/v2\/product_tag?post=94622"}],"curies":[{"name":"wp","href":"https:\/\/api.w.org\/{rel}","templated":true}]}}