
{"id":94630,"date":"2025-11-21T12:45:38","date_gmt":"2025-11-21T11:45:38","guid":{"rendered":"https:\/\/stonehouse.se\/produkt\/asd-adapter-till-testifire-xtr2\/"},"modified":"2026-04-08T16:00:03","modified_gmt":"2026-04-08T14:00:03","slug":"asd-adapter-till-testifire-xtr2","status":"publish","type":"product","link":"https:\/\/stonehouse.se\/en\/product\/asd-adapter-till-testifire-xtr2\/","title":{"rendered":"ASD-adapter till Testifire-XTR2"},"content":{"rendered":"<h1>ASD-adapter till Testifire-XTR2<\/h1>\n<h3>Adapter f\u00f6r ASD- och platta detektorer<\/h3>\n<p>ASD-adaptern \u00e4r utvecklad f\u00f6r att ge kompatibilitet mellan Testifire-XTR2 och ASD- samt platta detektorer.<\/p>\n<h3>Enkel anv\u00e4ndning<\/h3>\n<p>Adaptern monteras snabbt p\u00e5 Testifire-XTR2 och g\u00f6r att provning av ASD- och platta detektorer kan utf\u00f6ras effektivt och s\u00e4kert.<\/p>\n<h3>F\u00f6r professionellt bruk<\/h3>\n<p>ASD-adaptern \u00e4r idealisk f\u00f6r kontor, skolor, lager och offentliga byggnader d\u00e4r b\u00e5de standard- och platta detektorer anv\u00e4nds.<\/p>\n<h3>Tekniska specifikationer<\/h3>\n<ul>\n<li>Modell: ASD-adapter<\/li>\n<li>Anv\u00e4ndning: Testifire-XTR2 r\u00f6k- och v\u00e4rmedetektorprovare<\/li>\n<li>Funktion: G\u00f6r det m\u00f6jligt att prova ASD- och platta detektorer<\/li>\n<li>Enkel installation: Monteras snabbt p\u00e5 provaren<\/li>\n<\/ul>","protected":false},"excerpt":{"rendered":"<p>Provningskit f\u00f6r R\u00f6k, V\u00e4rme-detektorer \u2013 provning fr\u00e5n golvniv\u00e5.<br \/>\nProvningsh\u00f6jd: upp till ca enligt kit.<br \/>\nAnv\u00e4ndning: service, underh\u00e5ll, drifts\u00e4ttning och \u00e5terkommande kontroller i professionella milj\u00f6er.<\/p>","protected":false},"featured_media":94629,"template":"","meta":{"_acf_changed":false},"product_brand":[],"product_cat":[2292,3698],"product_tag":[],"class_list":{"0":"post-94630","1":"product","2":"type-product","3":"status-publish","4":"has-post-thumbnail","6":"product_cat-testfire","7":"product_cat-xtr2","8":"tm-no-options","10":"first","11":"instock","12":"sale","13":"taxable","14":"shipping-taxable","15":"product-type-simple"},"acf":[],"_links":{"self":[{"href":"https:\/\/stonehouse.se\/en\/wp-json\/wp\/v2\/product\/94630","targetHints":{"allow":["GET"]}}],"collection":[{"href":"https:\/\/stonehouse.se\/en\/wp-json\/wp\/v2\/product"}],"about":[{"href":"https:\/\/stonehouse.se\/en\/wp-json\/wp\/v2\/types\/product"}],"wp:featuredmedia":[{"embeddable":true,"href":"https:\/\/stonehouse.se\/en\/wp-json\/wp\/v2\/media\/94629"}],"wp:attachment":[{"href":"https:\/\/stonehouse.se\/en\/wp-json\/wp\/v2\/media?parent=94630"}],"wp:term":[{"taxonomy":"product_brand","embeddable":true,"href":"https:\/\/stonehouse.se\/en\/wp-json\/wp\/v2\/product_brand?post=94630"},{"taxonomy":"product_cat","embeddable":true,"href":"https:\/\/stonehouse.se\/en\/wp-json\/wp\/v2\/product_cat?post=94630"},{"taxonomy":"product_tag","embeddable":true,"href":"https:\/\/stonehouse.se\/en\/wp-json\/wp\/v2\/product_tag?post=94630"}],"curies":[{"name":"wp","href":"https:\/\/api.w.org\/{rel}","templated":true}]}}