
{"id":94636,"date":"2025-11-21T12:27:37","date_gmt":"2025-11-21T11:27:37","guid":{"rendered":"https:\/\/stonehouse.se\/produkt\/solo-371-rokgenerator-for-solo-365\/"},"modified":"2026-04-08T16:06:05","modified_gmt":"2026-04-08T14:06:05","slug":"solo-371-rokgenerator-for-solo-365","status":"publish","type":"product","link":"https:\/\/stonehouse.se\/en\/product\/solo-371-rokgenerator-for-solo-365\/","title":{"rendered":"Solo 371 R\u00f6kgenerator f\u00f6r Solo 365"},"content":{"rendered":"<h1>Solo 371 R\u00f6kgenerator f\u00f6r Solo 365<\/h1>\n<h3>Utbytesdel f\u00f6r Solo 365 r\u00f6kdetektorprovare<\/h3>\n<p>Solo 371 r\u00f6kgenerator \u00e4r en ers\u00e4ttningsmodul till Solo 365 som fungerar tillsammans med ES3 r\u00f6kkassett.<\/p>\n<h3>Effektiv och s\u00e4ker testning<\/h3>\n<p>N\u00e4r ES3 r\u00f6kkassett installeras i Solo 371 v\u00e4rms r\u00f6kkassetten upp och genererar kontrollerad r\u00f6k som aktiverar r\u00f6kdetektorer.<\/p>\n<h3>Enkel installation och underh\u00e5ll<\/h3>\n<p>Solo 371 \u00e4r l\u00e4tt att byta ut i Solo 365 provare, vilket g\u00f6r det enkelt att h\u00e5lla utrustningen i gott skick f\u00f6r \u00e5terkommande tester p\u00e5 plats.<\/p>","protected":false},"excerpt":{"rendered":"<p>Provningskit f\u00f6r R\u00f6k-detektorer \u2013 provning fr\u00e5n golvniv\u00e5.<br \/>\nProvningsh\u00f6jd: upp till ca enligt kit.<br \/>\nInneh\u00e5ll\/komponenter: Solo 371, Solo 365.<br \/>\nAnv\u00e4ndning: service, underh\u00e5ll, drifts\u00e4ttning och \u00e5terkommande kontroller i professionella milj\u00f6er.<\/p>","protected":false},"featured_media":94635,"template":"","meta":{"_acf_changed":false},"product_brand":[],"product_cat":[3787,3788],"product_tag":[],"class_list":{"0":"post-94636","1":"product","2":"type-product","3":"status-publish","4":"has-post-thumbnail","6":"product_cat-solo-365","7":"product_cat-solo-365-solo-365","8":"tm-no-options","10":"first","11":"instock","12":"sale","13":"taxable","14":"shipping-taxable","15":"product-type-simple"},"acf":[],"_links":{"self":[{"href":"https:\/\/stonehouse.se\/en\/wp-json\/wp\/v2\/product\/94636","targetHints":{"allow":["GET"]}}],"collection":[{"href":"https:\/\/stonehouse.se\/en\/wp-json\/wp\/v2\/product"}],"about":[{"href":"https:\/\/stonehouse.se\/en\/wp-json\/wp\/v2\/types\/product"}],"wp:featuredmedia":[{"embeddable":true,"href":"https:\/\/stonehouse.se\/en\/wp-json\/wp\/v2\/media\/94635"}],"wp:attachment":[{"href":"https:\/\/stonehouse.se\/en\/wp-json\/wp\/v2\/media?parent=94636"}],"wp:term":[{"taxonomy":"product_brand","embeddable":true,"href":"https:\/\/stonehouse.se\/en\/wp-json\/wp\/v2\/product_brand?post=94636"},{"taxonomy":"product_cat","embeddable":true,"href":"https:\/\/stonehouse.se\/en\/wp-json\/wp\/v2\/product_cat?post=94636"},{"taxonomy":"product_tag","embeddable":true,"href":"https:\/\/stonehouse.se\/en\/wp-json\/wp\/v2\/product_tag?post=94636"}],"curies":[{"name":"wp","href":"https:\/\/api.w.org\/{rel}","templated":true}]}}