
{"id":94640,"date":"2025-11-21T12:27:37","date_gmt":"2025-11-21T11:27:37","guid":{"rendered":"https:\/\/stonehouse.se\/produkt\/solo-372-asd-samplings-adapter-for-solo-365\/"},"modified":"2026-04-08T16:06:19","modified_gmt":"2026-04-08T14:06:19","slug":"solo-372-asd-samplings-adapter-for-solo-365","status":"publish","type":"product","link":"https:\/\/stonehouse.se\/en\/product\/solo-372-asd-samplings-adapter-for-solo-365\/","title":{"rendered":"Solo 372 ASD\/samplings-adapter for Solo 365"},"content":{"rendered":"<h1>Solo 372 ASD\/samplings-adapter for Solo 365<\/h1>\n<h3>Adapter f\u00f6r samplande\/aspirerande system<\/h3>\n<p>Solo 372 ASD\/samplings\u2011adapter \u00e4r en specialadapter f\u00f6r Solo 365 r\u00f6kdetektorprovare som g\u00f6r det m\u00f6jligt att utf\u00f6ra funktionstest p\u00e5 samplande\/aspirerande r\u00f6kdetektorsystem (ASD\/ASSD).<\/p>\n<h3>Anv\u00e4nd med Solo 365<\/h3>\n<p>N\u00e4r adaptern \u00e4r monterad anv\u00e4nds Solo 365 tillsammans med ES3 r\u00f6kkassett och r\u00f6kgenerator f\u00f6r att generera kontrollerad test\u00adr\u00f6k som transporteras in i det samplande systemet.<\/p>","protected":false},"excerpt":{"rendered":"<p>Provningskit f\u00f6r R\u00f6k-detektorer \u2013 provning fr\u00e5n golvniv\u00e5.<br \/>\nProvningsh\u00f6jd: upp till ca enligt kit.<br \/>\nInneh\u00e5ll\/komponenter: Solo 372, Solo 365.<br \/>\nAnv\u00e4ndning: service, underh\u00e5ll, drifts\u00e4ttning och \u00e5terkommande kontroller i professionella milj\u00f6er.<\/p>","protected":false},"featured_media":94639,"template":"","meta":{"_acf_changed":false},"product_brand":[],"product_cat":[3787,3788],"product_tag":[],"class_list":{"0":"post-94640","1":"product","2":"type-product","3":"status-publish","4":"has-post-thumbnail","6":"product_cat-solo-365","7":"product_cat-solo-365-solo-365","8":"tm-no-options","10":"first","11":"instock","12":"sale","13":"taxable","14":"shipping-taxable","15":"product-type-simple"},"acf":[],"_links":{"self":[{"href":"https:\/\/stonehouse.se\/en\/wp-json\/wp\/v2\/product\/94640","targetHints":{"allow":["GET"]}}],"collection":[{"href":"https:\/\/stonehouse.se\/en\/wp-json\/wp\/v2\/product"}],"about":[{"href":"https:\/\/stonehouse.se\/en\/wp-json\/wp\/v2\/types\/product"}],"wp:featuredmedia":[{"embeddable":true,"href":"https:\/\/stonehouse.se\/en\/wp-json\/wp\/v2\/media\/94639"}],"wp:attachment":[{"href":"https:\/\/stonehouse.se\/en\/wp-json\/wp\/v2\/media?parent=94640"}],"wp:term":[{"taxonomy":"product_brand","embeddable":true,"href":"https:\/\/stonehouse.se\/en\/wp-json\/wp\/v2\/product_brand?post=94640"},{"taxonomy":"product_cat","embeddable":true,"href":"https:\/\/stonehouse.se\/en\/wp-json\/wp\/v2\/product_cat?post=94640"},{"taxonomy":"product_tag","embeddable":true,"href":"https:\/\/stonehouse.se\/en\/wp-json\/wp\/v2\/product_tag?post=94640"}],"curies":[{"name":"wp","href":"https:\/\/api.w.org\/{rel}","templated":true}]}}