
{"id":94642,"date":"2025-11-21T12:21:25","date_gmt":"2025-11-21T11:21:25","guid":{"rendered":"https:\/\/stonehouse.se\/produkt\/vd-provare-solo-424-natdriven-230-volt\/"},"modified":"2026-04-08T16:01:10","modified_gmt":"2026-04-08T14:01:10","slug":"vd-provare-solo-424-natdriven-230-volt","status":"publish","type":"product","link":"https:\/\/stonehouse.se\/en\/product\/vd-provare-solo-424-natdriven-230-volt\/","title":{"rendered":"VD-provare Solo 424 n\u00e4tdriven 230 Volt"},"content":{"rendered":"<h1>VD-provare Solo 424 n\u00e4tdriven 230 Volt<\/h1>\n<h3>N\u00e4tdriven provning av v\u00e4rmedetektorer<\/h3>\n<p>VD\u2011provare Solo 424 \u00e4r ett professionellt testverktyg f\u00f6r funktionskontroll av v\u00e4rmedetektorer i brandlarmsystem.<\/p>\n<h3>Enkel och exakt testning<\/h3>\n<p>Verktyget anv\u00e4nds tillsammans med Solo 101, Solo 108 och\/eller Solo 100 accesspoler f\u00f6r att n\u00e5 detektorer upp till ca 9,3\u202fm i takh\u00f6jd.<\/p>\n<h3>F\u00f6rdelar med Solo 424<\/h3>\n<ul>\n<li>N\u00e4tdriven enhet som klarar kontinuerlig drift<\/li>\n<li>Testar fasta temperatur\u2011, rate\u2011of\u2011rise\u2011 och kombinerade v\u00e4rmedetektorer upp till ca 90\u202f\u00b0C<\/li>\n<li>Levereras med 5\u202fm kabel (kan f\u00f6rl\u00e4ngas med Solo 425)<\/li>\n<li>Enkel att anv\u00e4nda med Solo accesspoler f\u00f6r arbete p\u00e5 h\u00f6jd<\/li>\n<li>Klart och s\u00e4kert testresultat med LED\u2011synlighet i koppen<\/li>\n<\/ul>\n<h3>Anv\u00e4ndningsomr\u00e5den<\/h3>\n<p>Solo 424 \u00e4r idealisk f\u00f6r tekniker som utf\u00f6r funktionsprovning p\u00e5 v\u00e4rmedetektorer vid installation, regelbundet underh\u00e5ll eller serviceuppdrag i byggnader med varierande takh\u00f6jd.<\/p>","protected":false},"excerpt":{"rendered":"<p>Provningskit f\u00f6r V\u00e4rme-detektorer \u2013 provning fr\u00e5n golvniv\u00e5.<br \/>\nProvningsh\u00f6jd: upp till ca 9.3 m.<br \/>\nInneh\u00e5ll\/komponenter: Solo 424, Solo 101, Solo 108, Solo 100, Solo 425.<br \/>\nAnv\u00e4ndning: service, underh\u00e5ll, drifts\u00e4ttning och \u00e5terkommande kontroller i professionella milj\u00f6er.<\/p>","protected":false},"featured_media":94641,"template":"","meta":{"_acf_changed":false},"product_brand":[],"product_cat":[2291,3786],"product_tag":[],"class_list":{"0":"post-94642","1":"product","2":"type-product","3":"status-publish","4":"has-post-thumbnail","6":"product_cat-solo","7":"product_cat-solo-solo","8":"tm-no-options","10":"first","11":"instock","12":"sale","13":"taxable","14":"shipping-taxable","15":"product-type-simple"},"acf":[],"_links":{"self":[{"href":"https:\/\/stonehouse.se\/en\/wp-json\/wp\/v2\/product\/94642","targetHints":{"allow":["GET"]}}],"collection":[{"href":"https:\/\/stonehouse.se\/en\/wp-json\/wp\/v2\/product"}],"about":[{"href":"https:\/\/stonehouse.se\/en\/wp-json\/wp\/v2\/types\/product"}],"wp:featuredmedia":[{"embeddable":true,"href":"https:\/\/stonehouse.se\/en\/wp-json\/wp\/v2\/media\/94641"}],"wp:attachment":[{"href":"https:\/\/stonehouse.se\/en\/wp-json\/wp\/v2\/media?parent=94642"}],"wp:term":[{"taxonomy":"product_brand","embeddable":true,"href":"https:\/\/stonehouse.se\/en\/wp-json\/wp\/v2\/product_brand?post=94642"},{"taxonomy":"product_cat","embeddable":true,"href":"https:\/\/stonehouse.se\/en\/wp-json\/wp\/v2\/product_cat?post=94642"},{"taxonomy":"product_tag","embeddable":true,"href":"https:\/\/stonehouse.se\/en\/wp-json\/wp\/v2\/product_tag?post=94642"}],"curies":[{"name":"wp","href":"https:\/\/api.w.org\/{rel}","templated":true}]}}