
{"id":94644,"date":"2025-11-21T12:21:23","date_gmt":"2025-11-21T11:21:23","guid":{"rendered":"https:\/\/stonehouse.se\/produkt\/vd-provare-solo-461-batteridriven\/"},"modified":"2026-04-08T16:01:15","modified_gmt":"2026-04-08T14:01:15","slug":"vd-provare-solo-461-batteridriven","status":"publish","type":"product","link":"https:\/\/stonehouse.se\/en\/product\/vd-provare-solo-461-batteridriven\/","title":{"rendered":"VD-provare Solo 461 batteridriven"},"content":{"rendered":"<h1>VD-provare Solo 461 batteridriven<\/h1>\n<h3>Batteridriven v\u00e4rmedetektorprovare f\u00f6r professionell anv\u00e4ndning<\/h3>\n<p>Solo 461 \u00e4r en sladdl\u00f6s och batteridriven VD\u2011provare som anv\u00e4nds f\u00f6r funktionsprovning av v\u00e4rmedetektorer i brandlarmsystem.<\/p>\n<h3>Effektiv och s\u00e4ker provning<\/h3>\n<p>Med Solo 461 genereras varmluft som aktiverar v\u00e4rmedetektorer med utl\u00f6sningstemperaturer upp till cirka 90\u202f\u00b0C.<\/p>\n<h3>Kompakt, flexibel och l\u00e4ttanv\u00e4nd<\/h3>\n<p>Solo 461 \u00e4r l\u00e4tt att anv\u00e4nda med en hand eller tillsammans med accesspoler (som Solo 101, Solo 108 eller Solo 100) f\u00f6r att n\u00e5 detektorer i tak upp till ca 9,3\u202fm.<\/p>","protected":false},"excerpt":{"rendered":"<p>Provningskit f\u00f6r V\u00e4rme-detektorer \u2013 provning fr\u00e5n golvniv\u00e5.<br \/>\nProvningsh\u00f6jd: upp till ca 9.3 m.<br \/>\nInneh\u00e5ll\/komponenter: Solo 461, Solo 101, Solo 108, Solo 100, Solo 770, Solo 727, Solo 460.<br \/>\nAnv\u00e4ndning: service, underh\u00e5ll, drifts\u00e4ttning och \u00e5terkommande kontroller i professionella milj\u00f6er.<\/p>","protected":false},"featured_media":94643,"template":"","meta":{"_acf_changed":false},"product_brand":[],"product_cat":[2291,3786],"product_tag":[],"class_list":{"0":"post-94644","1":"product","2":"type-product","3":"status-publish","4":"has-post-thumbnail","6":"product_cat-solo","7":"product_cat-solo-solo","8":"tm-no-options","10":"first","11":"instock","12":"sale","13":"taxable","14":"shipping-taxable","15":"product-type-simple"},"acf":[],"_links":{"self":[{"href":"https:\/\/stonehouse.se\/en\/wp-json\/wp\/v2\/product\/94644","targetHints":{"allow":["GET"]}}],"collection":[{"href":"https:\/\/stonehouse.se\/en\/wp-json\/wp\/v2\/product"}],"about":[{"href":"https:\/\/stonehouse.se\/en\/wp-json\/wp\/v2\/types\/product"}],"wp:featuredmedia":[{"embeddable":true,"href":"https:\/\/stonehouse.se\/en\/wp-json\/wp\/v2\/media\/94643"}],"wp:attachment":[{"href":"https:\/\/stonehouse.se\/en\/wp-json\/wp\/v2\/media?parent=94644"}],"wp:term":[{"taxonomy":"product_brand","embeddable":true,"href":"https:\/\/stonehouse.se\/en\/wp-json\/wp\/v2\/product_brand?post=94644"},{"taxonomy":"product_cat","embeddable":true,"href":"https:\/\/stonehouse.se\/en\/wp-json\/wp\/v2\/product_cat?post=94644"},{"taxonomy":"product_tag","embeddable":true,"href":"https:\/\/stonehouse.se\/en\/wp-json\/wp\/v2\/product_tag?post=94644"}],"curies":[{"name":"wp","href":"https:\/\/api.w.org\/{rel}","templated":true}]}}