
{"id":94646,"date":"2025-11-21T12:21:21","date_gmt":"2025-11-21T11:21:21","guid":{"rendered":"https:\/\/stonehouse.se\/produkt\/detektorprovare-solo-332-rok-co-for-solo-a5-och-solo-c3\/"},"modified":"2026-04-08T16:01:23","modified_gmt":"2026-04-08T14:01:23","slug":"detektorprovare-solo-332-rok-co-for-solo-a5-och-solo-c3","status":"publish","type":"product","link":"https:\/\/stonehouse.se\/en\/product\/detektorprovare-solo-332-rok-co-for-solo-a5-och-solo-c3\/","title":{"rendered":"Detektorprovare Solo 332 (r\u00f6k\/CO) f\u00f6r Solo A5 och Solo C3"},"content":{"rendered":"<h1>Detektorprovare Solo 332 (r\u00f6k\/CO) f\u00f6r Solo A5 och Solo C3<\/h1>\n<h3>Professionell funktionsprovning av detektorer<\/h3>\n<p>Detektorprovare Solo\u202f332 \u00e4r ett praktiskt testverktyg f\u00f6r att verifiera att r\u00f6k\u2011 och CO\u2011detektorer reagerar korrekt.<\/p>\n<h3>Anv\u00e4ndning med Solo A5 och Solo C3<\/h3>\n<p>Solo\u202f332 anv\u00e4nds tillsammans med provgaserna Solo\u202fA5 (f\u00f6r r\u00f6kdetektorer) och Solo\u202fC3 (f\u00f6r CO\u2011detektorer).<\/p>\n<h3>Flexibel provning p\u00e5 h\u00f6jd<\/h3>\n<p>Provaren kan anv\u00e4ndas handh\u00e5llen eller monteras p\u00e5 Solo teleskopst\u00e4nger (Solo\u202f101, Solo\u202f108 och\/eller Solo\u202f100) f\u00f6r provning upp till ungef\u00e4r 9,3\u202fm takh\u00f6jd.<\/p>\n<h3>F\u00f6rdelar med Solo 332<\/h3>\n<ul>\n<li>Utformad f\u00f6r b\u00e5de r\u00f6k\u2011 och CO\u2011detektorer med bred kompatibilitet<\/li>\n<li>St\u00f6rre kopp g\u00f6r den l\u00e4mplig f\u00f6r detektorer upp till ca\u202f133\u202fmm diameter<\/li>\n<li>Kan monteras p\u00e5 f\u00f6rl\u00e4ngningsst\u00e4nger f\u00f6r h\u00f6jdprovning<\/li>\n<li>Transparent kopp ger tydlig \u00f6verblick vid test<\/li>\n<\/ul>\n<h3>Anv\u00e4ndningsomr\u00e5den<\/h3>\n<p>Solo\u202f332 \u00e4r idealisk f\u00f6r installationstest, service och \u00e5terkommande underh\u00e5ll av brandlarmsystem i kontor, industri, offentliga byggnader och bost\u00e4der d\u00e4r korrekta detektorprover kr\u00e4vs.<\/p>","protected":false},"excerpt":{"rendered":"<p>Provningskit f\u00f6r R\u00f6k, CO-detektorer \u2013 provning fr\u00e5n golvniv\u00e5.<br \/>\nProvningsh\u00f6jd: upp till ca 9.3 m.<br \/>\nInneh\u00e5ll\/komponenter: Solo 332, Solo A5, Solo C3, Solo 101, Solo 108, Solo 100.<br \/>\nAnv\u00e4ndning: service, underh\u00e5ll, drifts\u00e4ttning och \u00e5terkommande kontroller i professionella milj\u00f6er.<\/p>","protected":false},"featured_media":94645,"template":"","meta":{"_acf_changed":false},"product_brand":[],"product_cat":[2291,3786],"product_tag":[],"class_list":{"0":"post-94646","1":"product","2":"type-product","3":"status-publish","4":"has-post-thumbnail","6":"product_cat-solo","7":"product_cat-solo-solo","8":"tm-no-options","10":"first","11":"instock","12":"sale","13":"taxable","14":"shipping-taxable","15":"product-type-simple"},"acf":[],"_links":{"self":[{"href":"https:\/\/stonehouse.se\/en\/wp-json\/wp\/v2\/product\/94646","targetHints":{"allow":["GET"]}}],"collection":[{"href":"https:\/\/stonehouse.se\/en\/wp-json\/wp\/v2\/product"}],"about":[{"href":"https:\/\/stonehouse.se\/en\/wp-json\/wp\/v2\/types\/product"}],"wp:featuredmedia":[{"embeddable":true,"href":"https:\/\/stonehouse.se\/en\/wp-json\/wp\/v2\/media\/94645"}],"wp:attachment":[{"href":"https:\/\/stonehouse.se\/en\/wp-json\/wp\/v2\/media?parent=94646"}],"wp:term":[{"taxonomy":"product_brand","embeddable":true,"href":"https:\/\/stonehouse.se\/en\/wp-json\/wp\/v2\/product_brand?post=94646"},{"taxonomy":"product_cat","embeddable":true,"href":"https:\/\/stonehouse.se\/en\/wp-json\/wp\/v2\/product_cat?post=94646"},{"taxonomy":"product_tag","embeddable":true,"href":"https:\/\/stonehouse.se\/en\/wp-json\/wp\/v2\/product_tag?post=94646"}],"curies":[{"name":"wp","href":"https:\/\/api.w.org\/{rel}","templated":true}]}}