
{"id":94648,"date":"2025-11-21T12:21:21","date_gmt":"2025-11-21T11:21:21","guid":{"rendered":"https:\/\/stonehouse.se\/produkt\/universell-detektornedtagare-solo-200\/"},"modified":"2026-04-08T16:01:28","modified_gmt":"2026-04-08T14:01:28","slug":"universell-detektornedtagare-solo-200","status":"publish","type":"product","link":"https:\/\/stonehouse.se\/en\/product\/universell-detektornedtagare-solo-200\/","title":{"rendered":"Universell Detektornedtagare Solo 200"},"content":{"rendered":"<h1>Universell Detektornedtagare Solo 200<\/h1>\n<h3>Enkel och s\u00e4ker nedtagning av detektorer<\/h3>\n<p>Solo\u202f200 universell detektornedtagare \u00e4r utformad f\u00f6r att f\u00f6renkla och effektivisera borttagning av brandlarmsdetektorer vid service, underh\u00e5ll eller utbyte.<\/p>\n<h3>Flexibel anv\u00e4ndning p\u00e5 h\u00f6jd<\/h3>\n<p>Verktyget fungerar handh\u00e5llet eller monterat p\u00e5 teleskopst\u00e4nger som Solo\u202f101, Solo\u202f110, Solo\u202f111, Solo\u202f108 och\/eller Solo\u202f100.<\/p>\n<h3>Design f\u00f6r proffs<\/h3>\n<p>Den universella designen med justerbara klor g\u00f6r Solo\u202f200 l\u00e4mplig f\u00f6r en m\u00e4ngd olika detektorer och installationer.<\/p>","protected":false},"excerpt":{"rendered":"<p>Provningskit f\u00f6r funktionsprovning av detektorer \u2013 provning fr\u00e5n golvniv\u00e5.<br \/>\nProvningsh\u00f6jd: upp till ca 9.3 m.<br \/>\nInneh\u00e5ll\/komponenter: Solo 200, Solo 101, Solo 110, Solo 111, Solo 108, Solo 100.<br \/>\nAnv\u00e4ndning: service, underh\u00e5ll, drifts\u00e4ttning och \u00e5terkommande kontroller i professionella milj\u00f6er.<\/p>","protected":false},"featured_media":94647,"template":"","meta":{"_acf_changed":false},"product_brand":[],"product_cat":[2291,3786,2292],"product_tag":[],"class_list":{"0":"post-94648","1":"product","2":"type-product","3":"status-publish","4":"has-post-thumbnail","6":"product_cat-solo","7":"product_cat-solo-solo","8":"product_cat-testfire","9":"tm-no-options","11":"first","12":"instock","13":"sale","14":"taxable","15":"shipping-taxable","16":"product-type-simple"},"acf":[],"_links":{"self":[{"href":"https:\/\/stonehouse.se\/en\/wp-json\/wp\/v2\/product\/94648","targetHints":{"allow":["GET"]}}],"collection":[{"href":"https:\/\/stonehouse.se\/en\/wp-json\/wp\/v2\/product"}],"about":[{"href":"https:\/\/stonehouse.se\/en\/wp-json\/wp\/v2\/types\/product"}],"wp:featuredmedia":[{"embeddable":true,"href":"https:\/\/stonehouse.se\/en\/wp-json\/wp\/v2\/media\/94647"}],"wp:attachment":[{"href":"https:\/\/stonehouse.se\/en\/wp-json\/wp\/v2\/media?parent=94648"}],"wp:term":[{"taxonomy":"product_brand","embeddable":true,"href":"https:\/\/stonehouse.se\/en\/wp-json\/wp\/v2\/product_brand?post=94648"},{"taxonomy":"product_cat","embeddable":true,"href":"https:\/\/stonehouse.se\/en\/wp-json\/wp\/v2\/product_cat?post=94648"},{"taxonomy":"product_tag","embeddable":true,"href":"https:\/\/stonehouse.se\/en\/wp-json\/wp\/v2\/product_tag?post=94648"}],"curies":[{"name":"wp","href":"https:\/\/api.w.org\/{rel}","templated":true}]}}