
{"id":94662,"date":"2025-11-21T12:10:22","date_gmt":"2025-11-21T11:10:22","guid":{"rendered":"https:\/\/stonehouse.se\/produkt\/teleskopstang-4-segment-175-m-roka-webbutik\/"},"modified":"2026-04-08T16:01:49","modified_gmt":"2026-04-08T14:01:49","slug":"solo-110-teleskopstang-4-segment-175-m","status":"publish","type":"product","link":"https:\/\/stonehouse.se\/en\/product\/solo-110-teleskopstang-4-segment-175-m\/","title":{"rendered":"Solo 110 Teleskopst\u00e5ng 4 segment, 1,75 m"},"content":{"rendered":"<h1>Solo 110 Teleskopst\u00e5ng 4 segment, 1,75 m | Roka Webbutik<\/h1>\n<h3>L\u00e4tt anv\u00e4nd teleskopst\u00e5ng f\u00f6r provning<\/h3>\n<p>Solo\u202f110 teleskopst\u00e5ng \u00e4r ett smidigt och l\u00e4tt verktyg f\u00f6r att n\u00e5 detektorer i tak utan anv\u00e4ndning av stege.<\/p>\n<h3>Flexibel och robust konstruktion<\/h3>\n<p>Teleskopst\u00e5ngen har fyra justerbara segment som enkelt f\u00f6rl\u00e4ngs och l\u00e5ses i \u00f6nskad position.<\/p>\n<h3>Kombinera f\u00f6r st\u00f6rre h\u00f6jd<\/h3>\n<p>Solo\u202f110 ger r\u00e4ckvidd upp till ca\u202f3,25\u202fm takh\u00f6jd vid provning.<\/p>","protected":false},"excerpt":{"rendered":"<p>Provningskit f\u00f6r R\u00f6k, V\u00e4rme, CO-detektorer \u2013 provning fr\u00e5n golvniv\u00e5.<br \/>\nProvningsh\u00f6jd: upp till ca 1.75 m.<br \/>\nInneh\u00e5ll\/komponenter: Solo 110, Solo 111.<br \/>\nAnv\u00e4ndning: service, underh\u00e5ll, drifts\u00e4ttning och \u00e5terkommande kontroller i professionella milj\u00f6er.<\/p>","protected":false},"featured_media":94661,"template":"","meta":{"_acf_changed":false},"product_brand":[],"product_cat":[3783,2291,3786,3787,3788,2292],"product_tag":[],"class_list":{"0":"post-94662","1":"product","2":"type-product","3":"status-publish","4":"has-post-thumbnail","6":"product_cat-provstanger","7":"product_cat-solo","8":"product_cat-solo-solo","9":"product_cat-solo-365","10":"product_cat-solo-365-solo-365","11":"product_cat-testfire","12":"tm-no-options","14":"first","15":"onbackorder","16":"sale","17":"taxable","18":"shipping-taxable","19":"product-type-simple"},"acf":[],"_links":{"self":[{"href":"https:\/\/stonehouse.se\/en\/wp-json\/wp\/v2\/product\/94662","targetHints":{"allow":["GET"]}}],"collection":[{"href":"https:\/\/stonehouse.se\/en\/wp-json\/wp\/v2\/product"}],"about":[{"href":"https:\/\/stonehouse.se\/en\/wp-json\/wp\/v2\/types\/product"}],"wp:featuredmedia":[{"embeddable":true,"href":"https:\/\/stonehouse.se\/en\/wp-json\/wp\/v2\/media\/94661"}],"wp:attachment":[{"href":"https:\/\/stonehouse.se\/en\/wp-json\/wp\/v2\/media?parent=94662"}],"wp:term":[{"taxonomy":"product_brand","embeddable":true,"href":"https:\/\/stonehouse.se\/en\/wp-json\/wp\/v2\/product_brand?post=94662"},{"taxonomy":"product_cat","embeddable":true,"href":"https:\/\/stonehouse.se\/en\/wp-json\/wp\/v2\/product_cat?post=94662"},{"taxonomy":"product_tag","embeddable":true,"href":"https:\/\/stonehouse.se\/en\/wp-json\/wp\/v2\/product_tag?post=94662"}],"curies":[{"name":"wp","href":"https:\/\/api.w.org\/{rel}","templated":true}]}}