
{"id":94664,"date":"2025-11-21T12:10:21","date_gmt":"2025-11-21T11:10:21","guid":{"rendered":"https:\/\/stonehouse.se\/produkt\/teleskopstang-45-m-solo-100-for-solo-och-testifire-produkterna\/"},"modified":"2026-04-08T16:00:20","modified_gmt":"2026-04-08T14:00:20","slug":"teleskopstang-45-m-solo-100-for-solo-och-testifire-produkterna","status":"publish","type":"product","link":"https:\/\/stonehouse.se\/en\/product\/teleskopstang-45-m-solo-100-for-solo-och-testifire-produkterna\/","title":{"rendered":"Teleskopst\u00e5ng 4,5 m Solo 100 f\u00f6r Solo- och Testifire-produkterna"},"content":{"rendered":"<h1>Teleskopst\u00e5ng 4,5 m Solo 100 f\u00f6r Solo- och Testifire-produkterna<\/h1>\n<h3>Flexibel teleskopst\u00e5ng f\u00f6r provning p\u00e5 h\u00f6jd<\/h3>\n<p>Teleskopst\u00e5ng Solo\u202f100 \u00e4r en professionell och l\u00e4ttanv\u00e4nd accessst\u00e5ng av glasfiber f\u00f6r funktionstest och service av detektorer i brandlarmsystem.<\/p>\n<h3>Utformning och anv\u00e4ndning<\/h3>\n<p>Solo\u202f100 best\u00e5r av fyra teleskopiska sektioner som kan f\u00f6rl\u00e4ngas till 4,5\u202fm, vilket ger en r\u00e4ckvidd som typiskt n\u00e5r detektorer monterade upp till ca\u202f6\u202fm h\u00f6jd fr\u00e5n golv.<\/p>\n<h3>Kombinera f\u00f6r \u00e4nnu h\u00f6gre tak<\/h3>\n<p>Om du beh\u00f6ver komma h\u00f6gre kan Solo\u202f100 kombineras med upp till tre stycken Solo\u202f101 f\u00f6rl\u00e4ngningsst\u00e4nger f\u00f6r att n\u00e5 en total provningsh\u00f6jd p\u00e5 upp till ca\u202f9,3\u202fm.<\/p>","protected":false},"excerpt":{"rendered":"<p>Provningskit f\u00f6r R\u00f6k, V\u00e4rme, CO-detektorer \u2013 provning fr\u00e5n golvniv\u00e5.<br \/>\nProvningsh\u00f6jd: upp till ca 4.5 m.<br \/>\nInneh\u00e5ll\/komponenter: Solo 100, Solo 101, Solo och.<br \/>\nAnv\u00e4ndning: service, underh\u00e5ll, drifts\u00e4ttning och \u00e5terkommande kontroller i professionella milj\u00f6er.<\/p>","protected":false},"featured_media":94663,"template":"","meta":{"_acf_changed":false},"product_brand":[],"product_cat":[3783,2291,3786,3787,3788,2292],"product_tag":[],"class_list":{"0":"post-94664","1":"product","2":"type-product","3":"status-publish","4":"has-post-thumbnail","6":"product_cat-provstanger","7":"product_cat-solo","8":"product_cat-solo-solo","9":"product_cat-solo-365","10":"product_cat-solo-365-solo-365","11":"product_cat-testfire","12":"tm-no-options","14":"first","15":"instock","16":"sale","17":"taxable","18":"shipping-taxable","19":"product-type-simple"},"acf":[],"_links":{"self":[{"href":"https:\/\/stonehouse.se\/en\/wp-json\/wp\/v2\/product\/94664","targetHints":{"allow":["GET"]}}],"collection":[{"href":"https:\/\/stonehouse.se\/en\/wp-json\/wp\/v2\/product"}],"about":[{"href":"https:\/\/stonehouse.se\/en\/wp-json\/wp\/v2\/types\/product"}],"wp:featuredmedia":[{"embeddable":true,"href":"https:\/\/stonehouse.se\/en\/wp-json\/wp\/v2\/media\/94663"}],"wp:attachment":[{"href":"https:\/\/stonehouse.se\/en\/wp-json\/wp\/v2\/media?parent=94664"}],"wp:term":[{"taxonomy":"product_brand","embeddable":true,"href":"https:\/\/stonehouse.se\/en\/wp-json\/wp\/v2\/product_brand?post=94664"},{"taxonomy":"product_cat","embeddable":true,"href":"https:\/\/stonehouse.se\/en\/wp-json\/wp\/v2\/product_cat?post=94664"},{"taxonomy":"product_tag","embeddable":true,"href":"https:\/\/stonehouse.se\/en\/wp-json\/wp\/v2\/product_tag?post=94664"}],"curies":[{"name":"wp","href":"https:\/\/api.w.org\/{rel}","templated":true}]}}