
{"id":94666,"date":"2025-11-21T12:10:19","date_gmt":"2025-11-21T11:10:19","guid":{"rendered":"https:\/\/stonehouse.se\/produkt\/teleskopstang-25-m-solo-108\/"},"modified":"2026-04-08T16:01:55","modified_gmt":"2026-04-08T14:01:55","slug":"teleskopstang-25-m-solo-108","status":"publish","type":"product","link":"https:\/\/stonehouse.se\/en\/product\/teleskopstang-25-m-solo-108\/","title":{"rendered":"Teleskopst\u00e5ng 2,5 m &#8211; Solo 108"},"content":{"rendered":"<h1>Teleskopst\u00e5ng 2,5 m &#8211; Solo 108<\/h1>\n<h3>Justerbar teleskopst\u00e5ng f\u00f6r effektiv provning<\/h3>\n<p>Solo\u202f108 teleskopst\u00e5ng \u00e4r utformad f\u00f6r enkel och s\u00e4ker provning av r\u00f6k\u2011, v\u00e4rme\u2011 och CO\u2011detektorer p\u00e5 medelh\u00f6jd.<\/p>\n<h3>Flexibel l\u00e4ngd och enkel anv\u00e4ndning<\/h3>\n<p>Med Solo\u202f108 kan du justera st\u00e5ngens l\u00e4ngd fr\u00e5n 1,27\u202fm upp till 2,5\u202fm. Den \u00e4r kompakt f\u00f6r transport och f\u00f6rvaring, samtidigt som den ger tillr\u00e4cklig r\u00e4ckvidd f\u00f6r provning utan behov av stege.<\/p>","protected":false},"excerpt":{"rendered":"<p>Provningskit f\u00f6r R\u00f6k, V\u00e4rme, CO-detektorer \u2013 provning fr\u00e5n golvniv\u00e5.<br \/>\nProvningsh\u00f6jd: upp till ca 2.5 m.<br \/>\nInneh\u00e5ll\/komponenter: Solo 108, Solo och.<br \/>\nAnv\u00e4ndning: service, underh\u00e5ll, drifts\u00e4ttning och \u00e5terkommande kontroller i professionella milj\u00f6er.<\/p>","protected":false},"featured_media":94665,"template":"","meta":{"_acf_changed":false},"product_brand":[],"product_cat":[3783,2291,3786,3787,3788,2292],"product_tag":[],"class_list":{"0":"post-94666","1":"product","2":"type-product","3":"status-publish","4":"has-post-thumbnail","6":"product_cat-provstanger","7":"product_cat-solo","8":"product_cat-solo-solo","9":"product_cat-solo-365","10":"product_cat-solo-365-solo-365","11":"product_cat-testfire","12":"tm-no-options","14":"first","15":"instock","16":"sale","17":"taxable","18":"shipping-taxable","19":"product-type-simple"},"acf":[],"_links":{"self":[{"href":"https:\/\/stonehouse.se\/en\/wp-json\/wp\/v2\/product\/94666","targetHints":{"allow":["GET"]}}],"collection":[{"href":"https:\/\/stonehouse.se\/en\/wp-json\/wp\/v2\/product"}],"about":[{"href":"https:\/\/stonehouse.se\/en\/wp-json\/wp\/v2\/types\/product"}],"wp:featuredmedia":[{"embeddable":true,"href":"https:\/\/stonehouse.se\/en\/wp-json\/wp\/v2\/media\/94665"}],"wp:attachment":[{"href":"https:\/\/stonehouse.se\/en\/wp-json\/wp\/v2\/media?parent=94666"}],"wp:term":[{"taxonomy":"product_brand","embeddable":true,"href":"https:\/\/stonehouse.se\/en\/wp-json\/wp\/v2\/product_brand?post=94666"},{"taxonomy":"product_cat","embeddable":true,"href":"https:\/\/stonehouse.se\/en\/wp-json\/wp\/v2\/product_cat?post=94666"},{"taxonomy":"product_tag","embeddable":true,"href":"https:\/\/stonehouse.se\/en\/wp-json\/wp\/v2\/product_tag?post=94666"}],"curies":[{"name":"wp","href":"https:\/\/api.w.org\/{rel}","templated":true}]}}