
{"id":94765,"date":"2025-03-18T10:39:40","date_gmt":"2025-03-18T09:39:40","guid":{"rendered":"https:\/\/stonehouse.se\/produkt\/kombitagg-em4305-mifare1k-classic-for-bewator-med-lika-nummer-programmerade-uranus-plus-svart\/"},"modified":"2026-04-09T16:30:19","modified_gmt":"2026-04-09T14:30:19","slug":"kombitagg-em4305-mifare1k-classic-for-bewator-med-lika-nummer-programmerade-uranus-plus-svart","status":"publish","type":"product","link":"https:\/\/stonehouse.se\/en\/product\/kombitagg-em4305-mifare1k-classic-for-bewator-med-lika-nummer-programmerade-uranus-plus-svart\/","title":{"rendered":"Kombitagg EM4305\/Mifare1k Classic\u00ae f\u00f6r Bewator med lika nummer programmerade ABS Plus Svart"},"content":{"rendered":"<h1>Kombitagg f\u00f6r Bewator EM\/Mifare1k<\/h1>\n<h3><strong>Larm Passerkontroll &#8211; Bokning &#8211; Bes\u00f6k<\/strong><\/h3>\n<h3>H\u00e4r har vi graverat ett nummer som har samma programmering f\u00f6r Bewator.<\/h3>\n<p><b>\u00a0<\/b><\/p>","protected":false},"excerpt":{"rendered":"<p>V\u00e5r mest popul\u00e4ra RFID tag &#8220;ABS Plus&#8221; &#8211; den perfekta l\u00f6sningen f\u00f6r s\u00e4kerhets- och identifieringssystem.<\/p>\n<p>H\u00e4r med dubbla chip i kombitagg: EM4305\/Mifare1k chip med samma chipnummer f\u00f6r enklare hantering.<\/p>\n<p>Taggen \u00e4r 3,9 mm tjock, tillverkad i extra h\u00e5rt ABS-material med en elegant yta som passar \u00f6verallt.<\/p>\n<p>&nbsp;<\/p>","protected":false},"featured_media":95062,"template":"","meta":{"_acf_changed":false},"product_brand":[],"product_cat":[1448],"product_tag":[3403,1744,1287,2304],"class_list":{"0":"post-94765","1":"product","2":"type-product","3":"status-publish","4":"has-post-thumbnail","6":"product_cat-rfid-tagg-plus","7":"product_tag-nxp","8":"product_tag-rel-rfid","9":"product_tag-rfid-500","10":"product_tag-stonehouse-produkt","11":"product_shipping_class-postnord-varubrev","12":"pa_brands-stonehouse-security","13":"pa_chip-teknik-lika-chipnummer-1-nummer-graverat-kombitagg","14":"pa_farg-svart","15":"tm-no-options","17":"first","18":"instock","19":"featured","20":"taxable","21":"shipping-taxable","22":"product-type-simple"},"acf":[],"_links":{"self":[{"href":"https:\/\/stonehouse.se\/en\/wp-json\/wp\/v2\/product\/94765","targetHints":{"allow":["GET"]}}],"collection":[{"href":"https:\/\/stonehouse.se\/en\/wp-json\/wp\/v2\/product"}],"about":[{"href":"https:\/\/stonehouse.se\/en\/wp-json\/wp\/v2\/types\/product"}],"wp:featuredmedia":[{"embeddable":true,"href":"https:\/\/stonehouse.se\/en\/wp-json\/wp\/v2\/media\/95062"}],"wp:attachment":[{"href":"https:\/\/stonehouse.se\/en\/wp-json\/wp\/v2\/media?parent=94765"}],"wp:term":[{"taxonomy":"product_brand","embeddable":true,"href":"https:\/\/stonehouse.se\/en\/wp-json\/wp\/v2\/product_brand?post=94765"},{"taxonomy":"product_cat","embeddable":true,"href":"https:\/\/stonehouse.se\/en\/wp-json\/wp\/v2\/product_cat?post=94765"},{"taxonomy":"product_tag","embeddable":true,"href":"https:\/\/stonehouse.se\/en\/wp-json\/wp\/v2\/product_tag?post=94765"}],"curies":[{"name":"wp","href":"https:\/\/api.w.org\/{rel}","templated":true}]}}