
{"id":94831,"date":"2026-03-06T11:41:55","date_gmt":"2026-03-06T10:41:55","guid":{"rendered":"https:\/\/stonehouse.se\/?post_type=product&#038;p=94831"},"modified":"2026-04-09T11:18:06","modified_gmt":"2026-04-09T09:18:06","slug":"cranford-controls-vxb-1evad-vaggsond-vad-fyr-24v-dc-en54-23-w-2-4-8-vit-kropp-och-blixt-djup-bas","status":"publish","type":"product","link":"https:\/\/stonehouse.se\/en\/product\/cranford-controls-vxb-1evad-vaggsond-vad-fyr-24v-dc-en54-23-w-2-4-8-vit-kropp-och-blixt-djup-bas\/","title":{"rendered":"Cranford Controls VXB-1EVAD V\u00e4ggsond VAD-fyr, 24V DC EN54-23 W-2.4-8 Vit kropp och blixt, djup bas"},"content":{"rendered":"","protected":false},"excerpt":{"rendered":"<ul class=\"UnorderedListStyle--1koui9a ksyVRL mainfeatureslist\">\n<li class=\"ListItemStyle--1yqofwy kEFzCE\">Godk\u00e4nd enligt EN54-3 (ljuds\u00e4ndare) och EN54-23 (VAD-s\u00e4ndare)<\/li>\n<li class=\"ListItemStyle--1yqofwy kEFzCE\">Vit blixt (C-2.4-8), r\u00f6d blixt (C-2.4-7) finns som tillval<\/li>\n<li class=\"ListItemStyle--1yqofwy kEFzCE\">32 valbara toner<\/li>\n<\/ul>","protected":false},"featured_media":94830,"template":"","meta":{"_acf_changed":false},"product_brand":[],"product_cat":[482,3800],"product_tag":[],"class_list":{"0":"post-94831","1":"product","2":"type-product","3":"status-publish","4":"has-post-thumbnail","6":"product_cat-larmdon-blixtljus","7":"product_cat-blixtljus-kombisiren","8":"pa_farg-vit","9":"tm-no-options","11":"first","12":"onbackorder","13":"sale","14":"taxable","15":"shipping-taxable","16":"product-type-simple"},"acf":[],"_links":{"self":[{"href":"https:\/\/stonehouse.se\/en\/wp-json\/wp\/v2\/product\/94831","targetHints":{"allow":["GET"]}}],"collection":[{"href":"https:\/\/stonehouse.se\/en\/wp-json\/wp\/v2\/product"}],"about":[{"href":"https:\/\/stonehouse.se\/en\/wp-json\/wp\/v2\/types\/product"}],"wp:featuredmedia":[{"embeddable":true,"href":"https:\/\/stonehouse.se\/en\/wp-json\/wp\/v2\/media\/94830"}],"wp:attachment":[{"href":"https:\/\/stonehouse.se\/en\/wp-json\/wp\/v2\/media?parent=94831"}],"wp:term":[{"taxonomy":"product_brand","embeddable":true,"href":"https:\/\/stonehouse.se\/en\/wp-json\/wp\/v2\/product_brand?post=94831"},{"taxonomy":"product_cat","embeddable":true,"href":"https:\/\/stonehouse.se\/en\/wp-json\/wp\/v2\/product_cat?post=94831"},{"taxonomy":"product_tag","embeddable":true,"href":"https:\/\/stonehouse.se\/en\/wp-json\/wp\/v2\/product_tag?post=94831"}],"curies":[{"name":"wp","href":"https:\/\/api.w.org\/{rel}","templated":true}]}}