
{"id":94932,"date":"2026-03-17T13:22:18","date_gmt":"2026-03-17T12:22:18","guid":{"rendered":"https:\/\/stonehouse.se\/?post_type=product&#038;p=94932"},"modified":"2026-04-09T13:26:42","modified_gmt":"2026-04-09T11:26:42","slug":"tagg-desfire-ev3-8k-bla-plus","status":"publish","type":"product","link":"https:\/\/stonehouse.se\/en\/product\/tagg-desfire-ev3-8k-bla-plus\/","title":{"rendered":"Tagg DESFIRE\u00ae EV3 8K Bl\u00e5 Uranus Plus"},"content":{"rendered":"<h1 data-start=\"0\" data-end=\"63\"><strong data-start=\"0\" data-end=\"63\">RFID Uranus Plus MIFARE DESFire Passerbricka \u2013 H\u00f6g s\u00e4kerhet<\/strong><\/h1>\n<p data-start=\"65\" data-end=\"332\">Uranus Plus <strong data-start=\"79\" data-end=\"102\">MIFARE DESFire-chip<\/strong> fr\u00e5n NXP, utvecklad f\u00f6r moderna passersystem d\u00e4r h\u00f6g s\u00e4kerhet och stabil funktion kr\u00e4vs.<\/p>\n<p data-start=\"65\" data-end=\"332\">Brickan \u00e4r tillverkad i slitstarkt <strong data-start=\"227\" data-end=\"243\">ABS-material<\/strong> och har en tunn profil p\u00e5 endast <strong data-start=\"277\" data-end=\"287\">2,9 mm<\/strong>, vilket g\u00f6r den h\u00e5llbar och smidig att b\u00e4ra.<\/p>\n<p data-start=\"334\" data-end=\"431\">Passerbrickan anv\u00e4nds ofta i professionella s\u00e4kerhetsl\u00f6sningar och \u00e4r kompatibel med bland annat:<\/p>\n<ul data-start=\"433\" data-end=\"527\">\n<li data-section-id=\"17a1ys6\" data-start=\"433\" data-end=\"440\">\n<p data-start=\"435\" data-end=\"440\">RCO<\/p>\n<\/li>\n<li data-section-id=\"1n8l3ye\" data-start=\"441\" data-end=\"465\">\n<p data-start=\"443\" data-end=\"465\">Bewator \/ Vanderbilt<\/p>\n<\/li>\n<li data-section-id=\"1pxgavf\" data-start=\"466\" data-end=\"475\">\n<p data-start=\"468\" data-end=\"475\">Aptus<\/p>\n<\/li>\n<li data-section-id=\"1soj2rn\" data-start=\"476\" data-end=\"488\">\n<p data-start=\"478\" data-end=\"488\">ASSA ARX<\/p>\n<\/li>\n<li data-section-id=\"rbpd9r\" data-start=\"489\" data-end=\"527\">\n<p data-start=\"491\" data-end=\"527\">Bes\u00f6kssystem och inloggningssystem<\/p>\n<\/li>\n<\/ul>\n<p data-start=\"529\" data-end=\"626\">Observera att taggen levereras med <strong data-start=\"564\" data-end=\"580\">standardchip<\/strong> och \u00e4r inte f\u00f6rprogrammerad med RAID f\u00f6r RCO.<\/p>\n<p data-start=\"628\" data-end=\"783\">Den sl\u00e4ta ytan l\u00e4mpar sig v\u00e4l f\u00f6r <strong data-start=\"662\" data-end=\"704\">lasergravering av nummer eller logotyp<\/strong>, vilket g\u00f6r den enkel att anpassa f\u00f6r f\u00f6retag, fastigheter och organisationer.<\/p>\n<p data-start=\"785\" data-end=\"807\"><strong data-start=\"785\" data-end=\"807\">Anv\u00e4ndningsomr\u00e5den<\/strong><\/p>\n<ul data-start=\"809\" data-end=\"947\">\n<li data-section-id=\"3yp6jv\" data-start=\"809\" data-end=\"825\">\n<p data-start=\"811\" data-end=\"825\">Access control system<\/p>\n<\/li>\n<li data-section-id=\"1e3tozb\" data-start=\"826\" data-end=\"842\">\n<p data-start=\"828\" data-end=\"842\">Bes\u00f6kssystem<\/p>\n<\/li>\n<li data-section-id=\"j9tvrq\" data-start=\"843\" data-end=\"861\">\n<p data-start=\"845\" data-end=\"861\">Bokningssystem<\/p>\n<\/li>\n<li data-section-id=\"q6dwif\" data-start=\"862\" data-end=\"891\">\n<p data-start=\"864\" data-end=\"891\">Larm- och s\u00e4kerhetssystem<\/p>\n<\/li>\n<li data-section-id=\"1m3nauu\" data-start=\"892\" data-end=\"910\">\n<p data-start=\"894\" data-end=\"910\">Elbilsladdning<\/p>\n<\/li>\n<li data-section-id=\"1xktudy\" data-start=\"911\" data-end=\"947\">\n<p data-start=\"913\" data-end=\"947\">Identifiering och lagerhantering<\/p>\n<\/li>\n<\/ul>\n<p data-start=\"949\" data-end=\"1070\">MIFARE DESFire erbjuder h\u00f6gre s\u00e4kerhet \u00e4n exempelvis MIFARE Classic och anv\u00e4nds d\u00e4rf\u00f6r ofta i moderna s\u00e4kerhetsl\u00f6sningar.<\/p>\n<p data-start=\"1072\" data-end=\"1098\"><strong data-start=\"1072\" data-end=\"1098\">Anpassning f\u00f6r projekt<\/strong><\/p>\n<p data-start=\"1100\" data-end=\"1175\">Vi kan leverera RFID-taggar anpassade efter projektets behov, till exempel:<\/p>\n<ul data-start=\"1177\" data-end=\"1309\">\n<li data-section-id=\"1k7dan2\" data-start=\"1177\" data-end=\"1206\">\n<p data-start=\"1179\" data-end=\"1206\">Gravering av unika nummer<\/p>\n<\/li>\n<li data-section-id=\"hu3n24\" data-start=\"1207\" data-end=\"1231\">\n<p data-start=\"1209\" data-end=\"1231\">Gravering av logotyp<\/p>\n<\/li>\n<li data-section-id=\"1nzjhmw\" data-start=\"1232\" data-end=\"1309\">\n<p data-start=\"1234\" data-end=\"1309\">Val av olika chiptyper (t.ex. EM4200, MIFARE 1K, DESFire eller kombitaggar)<\/p>\n<\/li>\n<\/ul>\n<p data-start=\"1311\" data-end=\"1329\"><strong data-start=\"1311\" data-end=\"1329\">Tillg\u00e4nglighet<\/strong><\/p>\n<p data-start=\"1331\" data-end=\"1488\">Vit och svart finns normalt i lager. Andra f\u00e4rger och utf\u00f6randen kan tas fram vid best\u00e4llning. Vi erbjuder \u00e4ven lasergravering med logotyp eller serienummer.<\/p>\n<p data-start=\"1490\" data-end=\"1502\"><strong data-start=\"1490\" data-end=\"1502\">F\u00f6rdelar<\/strong><\/p>\n<ul data-start=\"1504\" data-end=\"1731\" data-is-last-node=\"\" data-is-only-node=\"\">\n<li data-section-id=\"vu55sg\" data-start=\"1504\" data-end=\"1536\">\n<p data-start=\"1506\" data-end=\"1536\">MIFARE DESFire-chip fr\u00e5n NXP<\/p>\n<\/li>\n<li data-section-id=\"xdjswy\" data-start=\"1537\" data-end=\"1570\">\n<p data-start=\"1539\" data-end=\"1570\">H\u00f6g s\u00e4kerhet f\u00f6r passersystem<\/p>\n<\/li>\n<li data-section-id=\"nnd44l\" data-start=\"1571\" data-end=\"1598\">\n<p data-start=\"1573\" data-end=\"1598\">Robust ABS-konstruktion<\/p>\n<\/li>\n<li data-section-id=\"tiliog\" data-start=\"1599\" data-end=\"1622\">\n<p data-start=\"1601\" data-end=\"1622\">Tunn design, 2,9 mm<\/p>\n<\/li>\n<li data-section-id=\"1wp1yxv\" data-start=\"1623\" data-end=\"1656\">\n<p data-start=\"1625\" data-end=\"1656\">M\u00f6jlighet till lasergravering<\/p>\n<\/li>\n<li data-section-id=\"150sjqa\" data-start=\"1657\" data-end=\"1691\">\n<p data-start=\"1659\" data-end=\"1691\">Flera f\u00e4rger och chipvarianter<\/p>\n<\/li>\n<li data-section-id=\"7cx25g\" data-start=\"1692\" data-end=\"1731\" data-is-last-node=\"\">\n<p data-start=\"1694\" data-end=\"1731\" data-is-last-node=\"\">Anpassningsbar f\u00f6r projekt och system<\/p>\n<\/li>\n<\/ul>","protected":false},"excerpt":{"rendered":"<p>Uranus Plus MIFARE DESFire chip for access control and secure identification.<br \/>\nMade of extra durable 3.9 mm ABS material<\/p>","protected":false},"featured_media":95086,"template":"","meta":{"_acf_changed":false},"product_brand":[],"product_cat":[1448,3543],"product_tag":[1661,2688,2636,1284,3793,3403,1287,2304],"class_list":{"0":"post-94932","1":"product","2":"type-product","3":"status-publish","4":"has-post-thumbnail","6":"product_cat-rfid-tagg-plus","7":"product_cat-alla-taggar-i-butiken","8":"product_tag-desfire-lop-logo","9":"product_tag-desfire-ev2-8k","10":"product_tag-desfire-taggar-kort","11":"product_tag-ej-lagerfraga","12":"product_tag-fungerar-ej-till-yale","13":"product_tag-nxp","14":"product_tag-rfid-500","15":"product_tag-stonehouse-produkt","16":"product_shipping_class-postnord-varubrev","17":"pa_brands-stonehouse-security","18":"pa_chip-teknik-mifare-desfire","19":"pa_chip-teknik-mifare-desfire-8k-minne","20":"pa_farg-bla","21":"pa_sakerhetssystem-rfid-taggar","22":"tm-no-options","24":"first","25":"onbackorder","26":"sale","27":"featured","28":"taxable","29":"shipping-taxable","30":"product-type-simple"},"acf":[],"_links":{"self":[{"href":"https:\/\/stonehouse.se\/en\/wp-json\/wp\/v2\/product\/94932","targetHints":{"allow":["GET"]}}],"collection":[{"href":"https:\/\/stonehouse.se\/en\/wp-json\/wp\/v2\/product"}],"about":[{"href":"https:\/\/stonehouse.se\/en\/wp-json\/wp\/v2\/types\/product"}],"wp:featuredmedia":[{"embeddable":true,"href":"https:\/\/stonehouse.se\/en\/wp-json\/wp\/v2\/media\/95086"}],"wp:attachment":[{"href":"https:\/\/stonehouse.se\/en\/wp-json\/wp\/v2\/media?parent=94932"}],"wp:term":[{"taxonomy":"product_brand","embeddable":true,"href":"https:\/\/stonehouse.se\/en\/wp-json\/wp\/v2\/product_brand?post=94932"},{"taxonomy":"product_cat","embeddable":true,"href":"https:\/\/stonehouse.se\/en\/wp-json\/wp\/v2\/product_cat?post=94932"},{"taxonomy":"product_tag","embeddable":true,"href":"https:\/\/stonehouse.se\/en\/wp-json\/wp\/v2\/product_tag?post=94932"}],"curies":[{"name":"wp","href":"https:\/\/api.w.org\/{rel}","templated":true}]}}